{"id":2204,"date":"2019-11-13T17:15:47","date_gmt":"2019-11-13T17:15:47","guid":{"rendered":"http:\/\/netegesguerrero.com\/?page_id=2204"},"modified":"2023-10-17T17:36:21","modified_gmt":"2023-10-17T17:36:21","slug":"politicaprivacidad","status":"publish","type":"page","link":"https:\/\/netegesguerrero.com\/ca\/politicaprivacidad\/","title":{"rendered":"Pol\u00edtica de privacitat web"},"content":{"rendered":"<p><\/p>\n<p style=\"text-align: center;\"><span style=\"color: #ff0000; font-size: 18pt; font-family: 'Trebuchet MS', Geneva;\"><b>POL\u00cdTICA DE PRIVACITAT<\/b><\/span><\/p>\n<p><span style=\"font-family: 'Trebuchet MS', Geneva; font-size: 12pt; color: #000000;\"><b>1. DADES DEL RESPONSABLE DEL TRACTAMENT<\/b><span class=\"Apple-converted-space\">&nbsp;<\/span><\/span><\/p>\n<p><span style=\"font-family: 'Trebuchet MS', Geneva; font-size: 12pt; color: #000000;\">Ra\u00f3 Social: DAVID VILCHEZ GUERRERO (en endavant, la &#8220;Empresa&#8221; o el &#8220;responsable&#8221;).<\/span><br \/>\n<span style=\"font-family: 'Trebuchet MS', Geneva; font-size: 12pt; color: #000000;\">CIF: 40526181C<\/span><br \/>\n<span style=\"font-family: 'Trebuchet MS', Geneva; font-size: 12pt; color: #000000;\">Domicili: C\/Santa Magdalena 1- 17220 &#8211; SANT FELIU DE GUIXOLS &#8211; GIRONA<\/span><br \/>\n<span style=\"font-family: 'Trebuchet MS', Geneva; font-size: 12pt; color: #000000;\">Tel\u00e8fon: 972322553<\/span><br \/>\n<span style=\"font-family: 'Trebuchet MS', Geneva; font-size: 12pt; color: #000000;\">E-mail per a comunicacions en mat\u00e8ria de protecci\u00f3 de dades: serveis@netegesguerrero.com<\/span><\/p>\n<p><span style=\"font-family: 'Trebuchet MS', Geneva; font-size: 12pt; color: #000000;\"><b>1.1. normativa aplicable<\/b><span class=\"Apple-converted-space\">&nbsp;<\/span><\/span><\/p>\n<p><span style=\"font-family: 'Trebuchet MS', Geneva; font-size: 12pt; color: #000000;\">La nostra Pol\u00edtica de Privacitat s&#8217;ha dissenyat d&#8217;acord amb el Reglament General de Protecci\u00f3 de Dades de la UE 2016\/679 de el Parlament Europeu i de Consell, de 27 d&#8217;abril de 2016, relatiu a la protecci\u00f3 de les persones f\u00edsiques pel que fa a l&#8217; tractament de dades personals ia la lliure circulaci\u00f3 d&#8217;aquestes dades i pel qual es deroga la Directiva 95\/46 \/ CE (Reglament general de protecci\u00f3 de dades), i la Llei Org\u00e0nica 3\/2018 de el 5 de desembre, de protecci\u00f3 de dades de car\u00e0cter personal i Garantia dels Drets Digitals.<span class=\"Apple-converted-space\">&nbsp;<\/span><\/span><\/p>\n<p><span style=\"font-family: 'Trebuchet MS', Geneva; font-size: 12pt; color: #000000;\">A l&#8217;facilitar-nos les seves dades, vost\u00e8 declara haver llegit i con\u00e8ixer la present Pol\u00edtica de Privadesa, prestant el seu consentiment inequ\u00edvoc i expr\u00e9s a el tractament de les seves dades personals d&#8217;acord a les finalitats i termes aqu\u00ed expressats.<span class=\"Apple-converted-space\">&nbsp;<\/span><\/span><\/p>\n<p><span style=\"font-family: 'Trebuchet MS', Geneva; font-size: 12pt; color: #000000;\">L&#8217;Empresa podr\u00e0 modificar la present Pol\u00edtica de Privacitat per adaptar-la a les novetats legislatives, jurisprudencials o d&#8217;interpretaci\u00f3 de l&#8217;Ag\u00e8ncia Espanyola de Protecci\u00f3 de Dades. Aquestes condicions de privacitat podran ser complementades per l&#8217;Av\u00eds Legal, Pol\u00edtica de Cookies i les condicions generals que, si escau, es recullin per a determinats productes o serveis, si aquest acc\u00e9s suposa alguna especialitat en mat\u00e8ria de protecci\u00f3 de dades de car\u00e0cter personal.<\/span><\/p>\n<p><span style=\"font-family: 'Trebuchet MS', Geneva; font-size: 12pt; color: #000000;\"><b>1.2. El nostre Delegat de Protecci\u00f3 de Dades<\/b><\/span><\/p>\n<p><span style=\"font-family: 'Trebuchet MS', Geneva; font-size: 12pt; color: #000000;\">LOPDMONTOLIU I SERVEIS SL, amb CIF B55261804. El tel\u00e8fon de contacte \u00e9s 625459540 i el correu electr\u00f2nic: info@lopdmontoliu.es<\/span><\/p>\n<p><span style=\"font-family: 'Trebuchet MS', Geneva; font-size: 12pt; color: #000000;\"><b>2. FINALITAT DEL TRACTAMENT DE LES DADES PERSONALS<\/b><span class=\"Apple-converted-space\">&nbsp;<\/span><\/span><\/p>\n<p><span style=\"font-family: 'Trebuchet MS', Geneva; font-size: 12pt; color: #000000;\">El tractament que realitzem de les seves dades personals respon a les seg\u00fcents finalitats:<span class=\"Apple-converted-space\">&nbsp;<\/span><\/span><\/p>\n<p><span style=\"font-family: 'Trebuchet MS', Geneva; font-size: 12pt; color: #000000;\">&#8211; Proporcionar-li informaci\u00f3 relacionada amb els productes i serveis que ofereix la nostra empresa i que detallen en aquest lloc web.<\/span><\/p>\n<p><span style=\"font-family: 'Trebuchet MS', Geneva; font-size: 12pt; color: #000000;\">&#8211; Realitzar la contractaci\u00f3 dels nostres serveis mitjan\u00e7ant l&#8217;acceptaci\u00f3 de l&#8217;corresponent pressupost \/ comanda i \/ o la signatura d&#8217;un contracte mercantil.<span class=\"Apple-converted-space\">&nbsp;<\/span><\/span><\/p>\n<p><span style=\"font-family: 'Trebuchet MS', Geneva; font-size: 12pt; color: #000000;\">&#8211; Enviar-per correu electr\u00f2nic i \/ o postal les not\u00edcies i novetats sobre la nostra entitat, aix\u00ed com les actualitzacions del nostre cat\u00e0leg de productes i serveis.<\/span><\/p>\n<p><span style=\"font-family: 'Trebuchet MS', Geneva; font-size: 12pt; color: #000000;\"><b>2.1. Termini de Conservaci\u00f3 de les seves dades<\/b><span class=\"Apple-converted-space\">&nbsp;<\/span><\/span><\/p>\n<p><span style=\"font-family: 'Trebuchet MS', Geneva; font-size: 12pt; color: #000000;\">Conservarem les seves dades personals des que ens doni el seu consentiment fins que ho revoqui o b\u00e9 sol\u00b7liciti la limitaci\u00f3 de l&#8217;tractament. En aquests casos, mantindrem les seves dades de manera bloquejada durant els terminis legalment exigits.<\/span><\/p>\n<p><span style=\"font-family: 'Trebuchet MS', Geneva; font-size: 12pt; color: #000000;\"><b>3. Legitimaci\u00f3 I dades recollides<\/b><span class=\"Apple-converted-space\">&nbsp;<\/span><\/span><\/p>\n<p><span style=\"font-family: 'Trebuchet MS', Geneva; font-size: 12pt; color: #000000;\">La legitimaci\u00f3 per al tractament de les seves dades \u00e9s el consentiment expr\u00e9s atorgat mitjan\u00e7ant un acte positiu i afirmatiu (omplir el formulari corresponent i marcar la casella d&#8217;acceptaci\u00f3 d&#8217;aquesta pol\u00edtica) en el moment de facilitar les seves dades personals.<span class=\"Apple-converted-space\">&nbsp;<\/span><\/span><\/p>\n<p><span style=\"font-family: 'Trebuchet MS', Geneva; font-size: 12pt; color: #000000;\"><b>3.1. Consentiment per tractar les seves dades<\/b><span class=\"Apple-converted-space\">&nbsp;<\/span><\/span><\/p>\n<p><span style=\"font-family: 'Trebuchet MS', Geneva; font-size: 12pt; color: #000000;\">A l&#8217;omplir els formularis, marcar la casella &#8220;Accepto la Pol\u00edtica de Privadesa&#8221; i fer clic per enviar les dades, o a l&#8217;remetre correus electr\u00f2nics a l&#8217;Empresa a trav\u00e9s dels comptes habilitades a l&#8217;efecte, l&#8217;Usuari manifesta haver llegit i acceptat expressament la present pol\u00edtica de privacitat, i atorga el seu consentiment inequ\u00edvoc i expr\u00e9s a el tractament de les seves dades personals conforme a les finalitats indicades.<span class=\"Apple-converted-space\">&nbsp;<\/span><\/span><\/p>\n<p><span style=\"font-family: 'Trebuchet MS', Geneva; font-size: 12pt; color: #000000;\"><b>3.2. Categories de dades<\/b><span class=\"Apple-converted-space\">&nbsp;<\/span><\/span><\/p>\n<p><span style=\"font-family: 'Trebuchet MS', Geneva; font-size: 12pt; color: #000000;\">Les dades que es recullen es refereixen a la categoria de dades identificatives, com poden ser: Nom i cognoms, Tel\u00e8fon, Adre\u00e7a Postal, Empresa, Correu electr\u00f2nic, aix\u00ed com l&#8217;adre\u00e7a IP des d&#8217;on s&#8217;accedeix a l&#8217;formulari de recollida de dades.<\/span><\/p>\n<p><span style=\"font-family: 'Trebuchet MS', Geneva; font-size: 12pt; color: #000000;\"><b>4. MESURES DE SEGURETAT<\/b><span class=\"Apple-converted-space\">&nbsp;<\/span><\/span><\/p>\n<p><span style=\"font-family: 'Trebuchet MS', Geneva; font-size: 12pt; color: #000000;\">Dins del nostre comprom\u00eds per garantir la seguretat i confidencialitat de les seves dades de car\u00e0cter personal, l&#8217;informem que s&#8217;han adoptat les mesures d&#8217;\u00edndole t\u00e8cnica i organitzatives necess\u00e0ries per garantir la seguretat de les dades de car\u00e0cter personal i evitar la seva alteraci\u00f3, p\u00e8rdua, tractament o acc\u00e9s no autoritzat, tenint en compte l&#8217;estat de la tecnologia, la naturalesa de les dades emmagatzemades i els riscos a qu\u00e8 estiguin exposats, segons l&#8217;Art. 32 de l&#8217;RGPD EU 679\/2016.<\/span><\/p>\n<p><span style=\"font-family: 'Trebuchet MS', Geneva; font-size: 12pt; color: #000000;\"><b>5. CESSI\u00d3 DE DADES<\/b><span class=\"Apple-converted-space\">&nbsp;<\/span><\/span><\/p>\n<p><span style=\"font-family: 'Trebuchet MS', Geneva; font-size: 12pt; color: #000000;\">No es preveuen cessions de dades ni transfer\u00e8ncies internacionals de les seves dades, a excepci\u00f3 de les autoritzades per la legislaci\u00f3 fiscal, mercantil i de telecomunicacions aix\u00ed com en aquells casos en qu\u00e8 una autoritat judicial ens ho requereixi.<\/span><\/p>\n<p><span style=\"font-family: 'Trebuchet MS', Geneva; font-size: 12pt; color: #000000;\"><b>6. DRETS DEL USUARI<\/b><span class=\"Apple-converted-space\">&nbsp;<\/span><\/span><\/p>\n<p><span style=\"font-family: 'Trebuchet MS', Geneva; font-size: 12pt; color: #000000;\">Qualsevol interessat t\u00e9 dret a obtenir confirmaci\u00f3 sobre si estem tractant dades personals que li concerneixin, o no. Les persones interessades tenen dret a accedir a les seves dades personals, aix\u00ed com a sol\u00b7licitar la rectificaci\u00f3 de les dades inexactes o, si escau, sol\u00b7licitar la seva supressi\u00f3 quan, entre d&#8217;altres motius, les dades ja no siguin necessaris per als fins que van ser recollides. En determinades circumst\u00e0ncies, els interessats podran sol\u00b7licitar la limitaci\u00f3 de l&#8217;tractament de les seves dades, en aquest cas \u00fanicament els conservarem per a l&#8217;exercici o la defensa de reclamacions. Per motius relacionats amb la seva situaci\u00f3 particular, els interessats podran oposar-se a el tractament de les seves dades. El responsable de l&#8217;arxiu deixar\u00e0 de tractar les dades, excepte per motius leg\u00edtims imperiosos,<\/span><\/p>\n<p><span style=\"font-family: 'Trebuchet MS', Geneva; font-size: 12pt; color: #000000;\">D&#8217;acord amb la legislaci\u00f3 vigent t\u00e9 els seg\u00fcents drets: dret a sol\u00b7licitar l&#8217;acc\u00e9s a les seves dades personals, dret a sol\u00b7licitar la seva rectificaci\u00f3 o supressi\u00f3, dret a sol\u00b7licitar la limitaci\u00f3 del seu tractament, dret a oposar-se a el tractament, dret a la portabilitat dels dades i aix\u00ed mateix, a revocar el consentiment atorgat. Aix\u00ed mateix, t\u00e9 dret a presentar una reclamaci\u00f3 davant l&#8217;Ag\u00e8ncia Espanyola de Protecci\u00f3 de Dades.<\/span><\/p>\n<p><span style=\"font-family: 'Trebuchet MS', Geneva; font-size: 12pt; color: #000000;\"><b>6.1. Com exercitar els meus drets?<\/b><span class=\"Apple-converted-space\">&nbsp;<\/span><\/span><\/p>\n<p><span style=\"font-family: 'Trebuchet MS', Geneva; font-size: 12pt; color: #000000;\">Per exercir els seus drets, ha de dirigir-se a l&#8217;responsable, sol\u00b7licitant el corresponent formulari per a l&#8217;exercici de el dret triat. Opcionalment, pot acudir a l&#8217;Autoritat de Control competent per obtenir informaci\u00f3 addicional sobre els seus drets. Les dades de contacte per a l&#8217;exercici dels seus drets s\u00f3n el tel\u00e8fon 972322553 i el correu electr\u00f2nic: serveis@netegesguerrero.com. Recordeu acompanyar una c\u00f2pia d&#8217;un document que ens permeti identificar-lo.<\/span><\/p>\n<p><span style=\"font-family: 'Trebuchet MS', Geneva; font-size: 12pt; color: #000000;\"><b>7. CONSENTIMENT PER ENVIAMENT DE COMUNICACIONS ELECTR\u00d2NIQUES<\/b><\/span><\/p>\n<p><span style=\"font-family: 'Trebuchet MS', Geneva; font-size: 12pt; color: #000000;\">Aix\u00ed mateix, i d&#8217;acord amb el que estableix la Llei 34\/2002, de 11 de juliol, de Serveis de la Societat de la Informaci\u00f3 i de Comer\u00e7 Electr\u00f2nic, completant el formulari de recollida de dades i marcant la corresponent casella &#8220;Accepto&#8221; est\u00e0 atorgant el consentiment expr\u00e9s per enviar-li a la seva adre\u00e7a de correu electr\u00f2nic, tel\u00e8fon, fax o un altre mitj\u00e0 electr\u00f2nic a enviament d&#8217;informaci\u00f3 sobre l&#8217;empresa.<\/span><\/p>","protected":false},"excerpt":{"rendered":"<p>POL\u00cdTICA DE PRIVACITAT 1. DADES DEL RESPONSABLE DEL TRACTAMENT&nbsp; Ra\u00f3 Social: DAVID VILCHEZ GUERRERO (en endavant, la &#8220;Empresa&#8221; o el &#8220;responsable&#8221;). CIF: 40526181C Domicili: C\/Santa Magdalena 1- 17220 &#8211; SANT FELIU DE GUIXOLS &#8211; GIRONA Tel\u00e8fon: 972322553 E-mail per a comunicacions en mat\u00e8ria de protecci\u00f3 de dades: serveis@netegesguerrero.com 1.1. normativa aplicable&nbsp; La nostra Pol\u00edtica de&hellip; <br \/> <a class=\"button small blue\" href=\"https:\/\/netegesguerrero.com\/ca\/politicaprivacidad\/\">Read more<\/a><\/p>\n","protected":false},"author":2,"featured_media":0,"parent":0,"menu_order":0,"comment_status":"closed","ping_status":"closed","template":"","meta":{"ngg_post_thumbnail":0},"_links":{"self":[{"href":"https:\/\/netegesguerrero.com\/ca\/wp-json\/wp\/v2\/pages\/2204"}],"collection":[{"href":"https:\/\/netegesguerrero.com\/ca\/wp-json\/wp\/v2\/pages"}],"about":[{"href":"https:\/\/netegesguerrero.com\/ca\/wp-json\/wp\/v2\/types\/page"}],"author":[{"embeddable":true,"href":"https:\/\/netegesguerrero.com\/ca\/wp-json\/wp\/v2\/users\/2"}],"replies":[{"embeddable":true,"href":"https:\/\/netegesguerrero.com\/ca\/wp-json\/wp\/v2\/comments?post=2204"}],"version-history":[{"count":7,"href":"https:\/\/netegesguerrero.com\/ca\/wp-json\/wp\/v2\/pages\/2204\/revisions"}],"predecessor-version":[{"id":2495,"href":"https:\/\/netegesguerrero.com\/ca\/wp-json\/wp\/v2\/pages\/2204\/revisions\/2495"}],"wp:attachment":[{"href":"https:\/\/netegesguerrero.com\/ca\/wp-json\/wp\/v2\/media?parent=2204"}],"curies":[{"name":"wp","href":"https:\/\/api.w.org\/{rel}","templated":true}]}}