{"id":2470,"date":"2020-05-18T18:45:49","date_gmt":"2020-05-18T18:45:49","guid":{"rendered":"https:\/\/netegesguerrero.com\/?page_id=2470"},"modified":"2023-10-17T17:36:20","modified_gmt":"2023-10-17T17:36:20","slug":"certificaciones","status":"publish","type":"page","link":"https:\/\/netegesguerrero.com\/ca\/certificaciones\/","title":{"rendered":"Certificacions"},"content":{"rendered":"<p><\/p>\n<h3 style=\"text-align: center;\"><span style=\"color: #ff0000;\">Certificacions de la nostra empresa<\/span><\/h3>\n<p style=\"text-align: center;\"><span style=\"font-family: 'Trebuchet MS', Geneva;\">Creiem que el servei ha de ser impecable i r\u00e0pid. Ens prenem la seguretat i els est\u00e0ndars de qualitat molt en serio, per la qual cosa, Neteges Guerrero \u00e9s propiet\u00e0ria de les seg\u00fcents certificacions: <\/span><\/p>\n<ul>\n<li><span style=\"font-family: 'Trebuchet MS', Geneva;\">Compliment de la normativa ADR, tots els nostres equips estan preparats per poder transportar qualsevol tipus de residu de mat\u00e8ries perilloses.<\/span><\/li>\n<li><span style=\"font-family: 'Trebuchet MS', Geneva;\">Neteges Guerrero compleix amb la Llei de Protecci\u00f3 de Dades acordada a l&#8217;article 12.2 del RD 428\/1993 y l&#8217;article 7 del RD 1332\/1994 del 20 de juny vigent de conformitat en la disposici\u00f3 Transistoria tercera de la Llei Org\u00e0nica 15\/1999<\/span><\/li>\n<li><span style=\"font-family: 'Trebuchet MS', Geneva;\">Tots els nostres vehicles de tipus RG-CIS, est\u00e0n autoritzats per la Junta de Residus per a fer els transports dels grups esmentats. Codi de transportista T-1821.<\/span><\/li>\n<\/ul>\n<p>&nbsp;<\/p>\n<p style=\"text-align: center;\">Perqu\u00e8 el principal \u00e9s garantia de qualitat i servei.<\/p>\n<p>&nbsp;<\/p>","protected":false},"excerpt":{"rendered":"<p>Certificacions de la nostra empresa Creiem que el servei ha de ser impecable i r\u00e0pid. Ens prenem la seguretat i els est\u00e0ndars de qualitat molt en serio, per la qual cosa, Neteges Guerrero \u00e9s propiet\u00e0ria de les seg\u00fcents certificacions: Compliment de la normativa ADR, tots els nostres equips estan preparats per poder transportar qualsevol tipus&hellip; <br \/> <a class=\"button small blue\" href=\"https:\/\/netegesguerrero.com\/ca\/certificaciones\/\">Read more<\/a><\/p>\n","protected":false},"author":2,"featured_media":0,"parent":0,"menu_order":0,"comment_status":"closed","ping_status":"closed","template":"","meta":{"ngg_post_thumbnail":0},"_links":{"self":[{"href":"https:\/\/netegesguerrero.com\/ca\/wp-json\/wp\/v2\/pages\/2470"}],"collection":[{"href":"https:\/\/netegesguerrero.com\/ca\/wp-json\/wp\/v2\/pages"}],"about":[{"href":"https:\/\/netegesguerrero.com\/ca\/wp-json\/wp\/v2\/types\/page"}],"author":[{"embeddable":true,"href":"https:\/\/netegesguerrero.com\/ca\/wp-json\/wp\/v2\/users\/2"}],"replies":[{"embeddable":true,"href":"https:\/\/netegesguerrero.com\/ca\/wp-json\/wp\/v2\/comments?post=2470"}],"version-history":[{"count":4,"href":"https:\/\/netegesguerrero.com\/ca\/wp-json\/wp\/v2\/pages\/2470\/revisions"}],"predecessor-version":[{"id":2534,"href":"https:\/\/netegesguerrero.com\/ca\/wp-json\/wp\/v2\/pages\/2470\/revisions\/2534"}],"wp:attachment":[{"href":"https:\/\/netegesguerrero.com\/ca\/wp-json\/wp\/v2\/media?parent=2470"}],"curies":[{"name":"wp","href":"https:\/\/api.w.org\/{rel}","templated":true}]}}