{"id":489,"date":"2012-03-24T13:06:53","date_gmt":"2012-03-24T13:06:53","guid":{"rendered":"http:\/\/www.netegesguerrero.com\/web\/?page_id=194"},"modified":"2023-10-17T17:36:20","modified_gmt":"2023-10-17T17:36:20","slug":"empresa","status":"publish","type":"page","link":"https:\/\/netegesguerrero.com\/ca\/empresa\/","title":{"rendered":"Empresa"},"content":{"rendered":"<p><img loading=\"lazy\" class=\"alignleft size-full wp-image-261\" title=\"guerrero empresa camion\" src=\"http:\/\/www.netegesguerrero.com\/wp-content\/uploads\/2012\/03\/guerrero-empresa-camion-posterior.jpg\" alt=\"\" width=\"350\" height=\"263\" srcset=\"https:\/\/netegesguerrero.com\/wp-content\/uploads\/2012\/03\/guerrero-empresa-camion-posterior.jpg 350w, https:\/\/netegesguerrero.com\/wp-content\/uploads\/2012\/03\/guerrero-empresa-camion-posterior-300x225.jpg 300w\" sizes=\"(max-width: 350px) 100vw, 350px\" \/><\/p>\n<p><span style=\"font-family: 'Trebuchet MS', Geneva; color: #000000;\">M\u00e9s de 25 anys d&#8217;experi\u00e8ncia ens avalen, treballant i oferint els nostres serveis a la prov\u00edncia de Girona, de la branca de la neteja de fosses s\u00e8ptiques i desembossaments de canonades de la nostra empresa ubicada a Sant Feliu de Gu\u00edxols.<\/span><\/p>\n<p><span style=\"font-family: 'Trebuchet MS', Geneva; color: #000000;\">Som especialistes en tot l&#8217;\u00e0mbit relacionat amb els residus fecals, desembossaments i serveis que requereixin cami\u00f3 cisterna.<\/span><\/p>\n<h3><span style=\"color: #ff0000; font-family: 'Trebuchet MS', Geneva; font-size: 18pt;\">Qualitat i professionalitat s\u00f3n els nostres valors<\/span><\/h3>\n<p><span style=\"font-family: 'Trebuchet MS', Geneva; color: #000000;\">Ampliem la nostra empresa i professionalitzem els treballs realitzats i els serveis oferts per nosaltres mateixos en una evoluci\u00f3 i desenvolupament en millorar la qualitat dels nostres serveis.<\/span><\/p>\n<h3><span style=\"color: #ff0000; font-family: 'Trebuchet MS', Geneva; font-size: 18pt;\">Aquesta evoluci\u00f3 fa d&#8217;aquesta petita empresa sigui un referent a la zona<\/span><\/h3>\n<p><span style=\"font-family: 'Trebuchet MS', Geneva; color: #000000;\">Oferim serveis a tota la prov\u00edncia de Girona amb els millors preus que es troben en aquest sector, a m\u00e9s de la qualitat de l&#8217;servei que no t\u00e9 compet\u00e8ncia en el sector de la neteja s\u00e8ptica.<\/span><\/p>\n<p><span style=\"font-family: 'Trebuchet MS', Geneva; color: #000000;\">La nostra flota, equipada i dotada de les m\u00e9s recents innovacions en aquest sector garanteixen l&#8217;efici\u00e8ncia i l&#8217;efic\u00e0cia del que serveis, altres dels nostres valors que ens diferencien en aquest \u00e0mbit<\/span><\/p>\n<h2><span style=\"font-family: 'Trebuchet MS', Geneva; color: #000000;\"><img loading=\"lazy\" class=\"alignright size-medium wp-image-262\" title=\"guerrero empresa camion\" src=\"http:\/\/www.netegesguerrero.com\/wp-content\/uploads\/2012\/03\/guerrero-empresa-camion-300x225.png\" alt=\"\" width=\"300\" height=\"225\" srcset=\"https:\/\/netegesguerrero.com\/wp-content\/uploads\/2012\/03\/guerrero-empresa-camion-300x225.png 300w, https:\/\/netegesguerrero.com\/wp-content\/uploads\/2012\/03\/guerrero-empresa-camion-416x312.png 416w, https:\/\/netegesguerrero.com\/wp-content\/uploads\/2012\/03\/guerrero-empresa-camion.png 800w\" sizes=\"(max-width: 300px) 100vw, 300px\" \/><\/span><\/h2>\n<h3><span style=\"color: #ff0000; font-family: 'Trebuchet MS', Geneva; font-size: 18pt;\">El nostre objectiu principal: solucionar els problemes el m\u00e9s aviat possible i estar a l&#8217;servei de les persones<\/span><\/h3>\n<p><span style=\"font-family: 'Trebuchet MS', Geneva; color: #000000;\">Tota la nostra \u00e0mplia gamma de serveis disposa de TRES MESOS de garantia, la qual cosa li d\u00f3na d&#8217;un gran valor afegit al nostre servei post-venda, que a la fi i al el cap \u00e9s el nostre objectiu i el que busquem amb cada servei.<\/span><\/p>\n<h3>&nbsp;<\/h3>\n<h3 style=\"text-align: center;\"><span style=\"color: #ff0000; font-family: 'Trebuchet MS', Geneva; font-size: 18pt;\">Li oferim una soluci\u00f3 r\u00e0pida i efica\u00e7 davant de qualsevol problema<\/span><\/h3>\n<div>\n<p class=\"leer-mas\"><img loading=\"lazy\" class=\"aligncenter wp-image-243\" style=\"border: 1px solid red;\" title=\"empresa-autorizada-generalitat-de-catalunya\" src=\"http:\/\/www.netegesguerrero.com\/wp-content\/uploads\/2012\/03\/empresa-autorizada-generalitat-de-catalunya.jpg\" alt=\"\" width=\"444\" height=\"160\" srcset=\"https:\/\/netegesguerrero.com\/wp-content\/uploads\/2012\/03\/empresa-autorizada-generalitat-de-catalunya.jpg 500w, https:\/\/netegesguerrero.com\/wp-content\/uploads\/2012\/03\/empresa-autorizada-generalitat-de-catalunya-416x150.jpg 416w, https:\/\/netegesguerrero.com\/wp-content\/uploads\/2012\/03\/empresa-autorizada-generalitat-de-catalunya-300x108.jpg 300w\" sizes=\"(max-width: 444px) 100vw, 444px\" \/><\/p>\n<\/div>\n<p><\/p>","protected":false},"excerpt":{"rendered":"<p>M\u00e9s de 25 anys d&#8217;experi\u00e8ncia ens avalen, treballant i oferint els nostres serveis a la prov\u00edncia de Girona, de la branca de la neteja de fosses s\u00e8ptiques i desembossaments de canonades de la nostra empresa ubicada a Sant Feliu de Gu\u00edxols. Som especialistes en tot l&#8217;\u00e0mbit relacionat amb els residus fecals, desembossaments i serveis que&hellip; <br \/> <a class=\"button small blue\" href=\"https:\/\/netegesguerrero.com\/ca\/empresa\/\">Read more<\/a><\/p>\n","protected":false},"author":2,"featured_media":0,"parent":0,"menu_order":0,"comment_status":"closed","ping_status":"closed","template":"","meta":{"ngg_post_thumbnail":0},"_links":{"self":[{"href":"https:\/\/netegesguerrero.com\/ca\/wp-json\/wp\/v2\/pages\/489"}],"collection":[{"href":"https:\/\/netegesguerrero.com\/ca\/wp-json\/wp\/v2\/pages"}],"about":[{"href":"https:\/\/netegesguerrero.com\/ca\/wp-json\/wp\/v2\/types\/page"}],"author":[{"embeddable":true,"href":"https:\/\/netegesguerrero.com\/ca\/wp-json\/wp\/v2\/users\/2"}],"replies":[{"embeddable":true,"href":"https:\/\/netegesguerrero.com\/ca\/wp-json\/wp\/v2\/comments?post=489"}],"version-history":[{"count":26,"href":"https:\/\/netegesguerrero.com\/ca\/wp-json\/wp\/v2\/pages\/489\/revisions"}],"predecessor-version":[{"id":2497,"href":"https:\/\/netegesguerrero.com\/ca\/wp-json\/wp\/v2\/pages\/489\/revisions\/2497"}],"wp:attachment":[{"href":"https:\/\/netegesguerrero.com\/ca\/wp-json\/wp\/v2\/media?parent=489"}],"curies":[{"name":"wp","href":"https:\/\/api.w.org\/{rel}","templated":true}]}}