{"id":1836,"date":"2019-10-15T13:08:48","date_gmt":"2019-10-15T13:08:48","guid":{"rendered":"http:\/\/netegesguerrero.com\/?page_id=1836"},"modified":"2023-10-17T17:36:20","modified_gmt":"2023-10-17T17:36:20","slug":"avisolegal","status":"publish","type":"page","link":"https:\/\/netegesguerrero.com\/fr\/avisolegal\/","title":{"rendered":"Avis Juridique"},"content":{"rendered":"<p><\/p>\n<header class=\"entry-header\">\n<p class=\"entry-title\" style=\"text-align: center;\"><span style=\"font-family: 'Trebuchet MS', Geneva; font-size: 18pt; color: #ff0000;\"><strong>AVIS JURIDIQUE<\/strong><\/span><\/p>\n<p><span style=\"font-size: 12pt; font-family: 'Trebuchet MS', Geneva;\">Afin de se conformer \u00e0 l&#8217;article 10 de la loi 34\/2002 sur les services de la soci\u00e9t\u00e9 de l&#8217;information et du commerce \u00e9lectronique, nous informons l&#8217;utilisateur de nos donn\u00e9es:<\/span><\/p>\n<p><span style=\"font-size: 12pt; font-family: 'Trebuchet MS', Geneva;\">D\u00e9nomination sociale: DAVID V\u00cdLCHEZ GUERRERO<\/span><br \/>\n<span style=\"font-size: 12pt; font-family: 'Trebuchet MS', Geneva;\">Nom commercial: NETEGES GUERRERO<\/span><br \/>\n<span style=\"font-size: 12pt; font-family: 'Trebuchet MS', Geneva;\">Adresse: C \/ Santa Magdalena 1 17220 Sant Feliu de Gu\u00edxols<\/span><br \/>\n<span style=\"font-size: 12pt; font-family: 'Trebuchet MS', Geneva;\">CIF \/ NIF: 40526181C<\/span><br \/>\n<span style=\"font-size: 12pt; font-family: 'Trebuchet MS', Geneva;\">T\u00e9l\u00e9phone: 629372151<\/span><br \/>\n<span style=\"font-size: 12pt; font-family: 'Trebuchet MS', Geneva;\">e-mail: lopdguerrero@gmail.com<\/span><br \/>\n<span style=\"font-size: 12pt; font-family: 'Trebuchet MS', Geneva;\">Site Web: www.netegesguerrero.com<\/span><\/p>\n<p><span style=\"font-size: 12pt; font-family: 'Trebuchet MS', Geneva;\">Objet<\/span><\/p>\n<p><span style=\"font-size: 12pt; font-family: 'Trebuchet MS', Geneva;\">Le fournisseur, responsable du site Web, met ce document \u00e0 la disposition des utilisateurs avec lesquels il entend se conformer aux obligations \u00e9nonc\u00e9es dans la loi 34\/2002 sur les services de la soci\u00e9t\u00e9 de l&#8217;information et le commerce \u00e9lectronique (LSSI-CE ), ainsi qu&#8217;informer tous les utilisateurs du site Internet des conditions d&#8217;utilisation du site Internet.<\/span><br \/>\n<span style=\"font-size: 12pt; font-family: 'Trebuchet MS', Geneva;\">Toute personne acc\u00e9dant \u00e0 ce site Web assume le r\u00f4le d&#8217;utilisateur, s&#8217;engageant \u00e0 observer et \u00e0 respecter rigoureusement les dispositions \u00e9nonc\u00e9es dans les pr\u00e9sentes, ainsi que toute autre disposition l\u00e9gale qui pourrait \u00eatre applicable.<\/span><br \/>\n<span style=\"font-size: 12pt; font-family: 'Trebuchet MS', Geneva;\">Le fournisseur se r\u00e9serve le droit de modifier tout type d&#8217;informations susceptibles d&#8217;appara\u00eetre sur le site Internet, sans qu&#8217;il y ait obligation de pr\u00e9-notifier ou d&#8217;informer les utilisateurs de ces obligations, jug\u00e9es suffisantes avec la publication sur le site Internet du fournisseur.<\/span><\/p>\n<p><span style=\"font-size: 12pt; font-family: 'Trebuchet MS', Geneva;\">Responsabilit\u00e9<\/span><\/p>\n<p><span style=\"font-size: 12pt; font-family: 'Trebuchet MS', Geneva;\">Le fournisseur est exon\u00e9r\u00e9 de tout type de responsabilit\u00e9 d\u00e9coulant des informations publi\u00e9es sur son site Web, \u00e0 condition que ces informations aient \u00e9t\u00e9 manipul\u00e9es ou saisies par un tiers ext\u00e9rieur.<\/span><br \/>\n<span style=\"font-size: 12pt; font-family: 'Trebuchet MS', Geneva;\">Le site Internet du fournisseur peut utiliser des cookies (petits fichiers d&#8217;information que le serveur envoie \u00e0 l&#8217;ordinateur de la personne acc\u00e9dant \u00e0 la page) pour effectuer certaines fonctions jug\u00e9es essentielles au bon fonctionnement et \u00e0 l&#8217;affichage du site. Les cookies utilis\u00e9s sur le site sont, en tout \u00e9tat de cause, de nature temporaire dans le seul but de rendre leur transmission ult\u00e9rieure plus efficace et de dispara\u00eetre \u00e0 la fin de la session utilisateur. Les cookies ne seront en aucun cas utilis\u00e9s pour collecter des informations personnelles.<\/span><br \/>\n<span style=\"font-size: 12pt; font-family: 'Trebuchet MS', Geneva;\">\u00c0 partir du site Web du client, vous pouvez \u00eatre redirig\u00e9 vers du contenu provenant de sites Web tiers. \u00c9tant donn\u00e9 que le fournisseur ne peut pas toujours contr\u00f4ler le contenu entr\u00e9 par des tiers sur ses sites Web, il n&#8217;assume aucune responsabilit\u00e9 pour ce contenu. Dans tous les cas, le fournisseur d\u00e9clare qu&#8217;il proc\u00e9dera \u00e0 la suppression imm\u00e9diate de tout contenu susceptible de contrevenir \u00e0 la l\u00e9gislation nationale ou internationale, \u00e0 la moralit\u00e9 ou \u00e0 l&#8217;ordre public, en proc\u00e9dant \u00e0 la suppression imm\u00e9diate de la redirection vers ledit site Web, en informant le autorit\u00e9s comp\u00e9tentes le contenu en question.<\/span><br \/>\n<span style=\"font-size: 12pt; font-family: 'Trebuchet MS', Geneva;\">Le fournisseur n&#8217;est pas responsable des informations et du contenu stock\u00e9s, \u00e0 titre d&#8217;exemple mais sans s&#8217;y limiter, dans les forums, chats, g\u00e9n\u00e9rateurs de blogs, commentaires, r\u00e9seaux sociaux ou tout autre moyen permettant \u00e0 des tiers de publier du contenu ind\u00e9pendamment sur le site Web. du fournisseur. Cependant, et conform\u00e9ment aux dispositions de l&#8217;art. 11 et 16 de la LSSI-CE, le fournisseur se met \u00e0 la disposition de tous les utilisateurs, autorit\u00e9s et forces de s\u00e9curit\u00e9, et collabore activement au retrait ou, le cas \u00e9ch\u00e9ant, au blocage de tout contenu susceptible d&#8217;affecter ou de contrevenir \u00e0 la l\u00e9gislation. droits ou morales nationaux ou internationaux, et ordre public. Dans le cas o\u00f9 l&#8217;utilisateur consid\u00e8re qu&#8217;il existe un contenu sur le site Web qui pourrait \u00eatre susceptible de cette classification, veuillez en informer imm\u00e9diatement l&#8217;administrateur du site Web.<\/span><br \/>\n<span style=\"font-size: 12pt; font-family: 'Trebuchet MS', Geneva;\">Ce site Web a \u00e9t\u00e9 revu et test\u00e9 pour s&#8217;assurer qu&#8217;il fonctionne correctement. En principe, un fonctionnement correct peut \u00eatre garanti 365 jours par an, 24 heures par jour. Cependant, le fournisseur n&#8217;exclut pas la possibilit\u00e9 qu&#8217;il puisse y avoir certaines erreurs de programmation, ou que la force majeure, les catastrophes naturelles, les gr\u00e8ves ou des circonstances similaires puissent se produire et rendre l&#8217;acc\u00e8s au site Web impossible.<\/span><br \/>\n<span style=\"font-size: 12pt; font-family: 'Trebuchet MS', Geneva;\">Propri\u00e9t\u00e9 intellectuelle et industrielle<\/span><br \/>\n<span style=\"font-size: 12pt; font-family: 'Trebuchet MS', Geneva;\">Le site Web, y compris, mais sans s&#8217;y limiter, sa programmation, son \u00e9dition, sa compilation et d&#8217;autres \u00e9l\u00e9ments n\u00e9cessaires \u00e0 son fonctionnement, les conceptions, logos, textes et \/ ou graphiques sont la propri\u00e9t\u00e9 du fournisseur ou, le cas \u00e9ch\u00e9ant, ont une licence ou une autorisation expresse de une partie des auteurs. Tous les contenus du site sont d\u00fbment prot\u00e9g\u00e9s par les r\u00e9glementations en mati\u00e8re de propri\u00e9t\u00e9 intellectuelle et industrielle, ainsi que enregistr\u00e9s dans les registres publics correspondants.<\/span><br \/>\n<span style=\"font-size: 12pt; font-family: 'Trebuchet MS', Geneva;\">Quelle que soit la finalit\u00e9 pour laquelle ils \u00e9taient destin\u00e9s, la reproduction, l&#8217;utilisation, l&#8217;exploitation, la distribution et la commercialisation, totales ou partielles, n\u00e9cessitent dans tous les cas une autorisation \u00e9crite pr\u00e9alable du fournisseur. Toute utilisation non pr\u00e9alablement autoris\u00e9e par le fournisseur sera consid\u00e9r\u00e9e comme une violation grave des droits.<\/span><\/p>\n<\/header>\n<p><\/p>","protected":false},"excerpt":{"rendered":"<p>AVIS JURIDIQUE Afin de se conformer \u00e0 l&#8217;article 10 de la loi 34\/2002 sur les services de la soci\u00e9t\u00e9 de l&#8217;information et du commerce \u00e9lectronique, nous informons l&#8217;utilisateur de nos donn\u00e9es: D\u00e9nomination sociale: DAVID V\u00cdLCHEZ GUERRERO Nom commercial: NETEGES GUERRERO Adresse: C \/ Santa Magdalena 1 17220 Sant Feliu de Gu\u00edxols CIF \/ NIF: 40526181C&hellip; <br \/> <a class=\"button small blue\" href=\"https:\/\/netegesguerrero.com\/fr\/avisolegal\/\">Lire la suite<\/a><\/p>\n","protected":false},"author":2,"featured_media":0,"parent":0,"menu_order":0,"comment_status":"closed","ping_status":"closed","template":"","meta":{"ngg_post_thumbnail":0},"_links":{"self":[{"href":"https:\/\/netegesguerrero.com\/fr\/wp-json\/wp\/v2\/pages\/1836"}],"collection":[{"href":"https:\/\/netegesguerrero.com\/fr\/wp-json\/wp\/v2\/pages"}],"about":[{"href":"https:\/\/netegesguerrero.com\/fr\/wp-json\/wp\/v2\/types\/page"}],"author":[{"embeddable":true,"href":"https:\/\/netegesguerrero.com\/fr\/wp-json\/wp\/v2\/users\/2"}],"replies":[{"embeddable":true,"href":"https:\/\/netegesguerrero.com\/fr\/wp-json\/wp\/v2\/comments?post=1836"}],"version-history":[{"count":12,"href":"https:\/\/netegesguerrero.com\/fr\/wp-json\/wp\/v2\/pages\/1836\/revisions"}],"predecessor-version":[{"id":2502,"href":"https:\/\/netegesguerrero.com\/fr\/wp-json\/wp\/v2\/pages\/1836\/revisions\/2502"}],"wp:attachment":[{"href":"https:\/\/netegesguerrero.com\/fr\/wp-json\/wp\/v2\/media?parent=1836"}],"curies":[{"name":"wp","href":"https:\/\/api.w.org\/{rel}","templated":true}]}}