{"id":2204,"date":"2019-11-13T17:15:47","date_gmt":"2019-11-13T17:15:47","guid":{"rendered":"http:\/\/netegesguerrero.com\/?page_id=2204"},"modified":"2023-10-17T17:36:21","modified_gmt":"2023-10-17T17:36:21","slug":"politicaprivacidad","status":"publish","type":"page","link":"https:\/\/netegesguerrero.com\/fr\/politicaprivacidad\/","title":{"rendered":"Politique de confidentialit\u00e9 Web"},"content":{"rendered":"<p><\/p>\n<h4 style=\"text-align: center;\"><span style=\"color: #ff0000;\">POLITIQUE DE CONFIDENTIALIT\u00c9 WEB<\/span><\/h4>\n<p><strong><span style=\"font-family: 'Trebuchet MS', Geneva; font-size: 12pt; color: #000000;\">1. DONN\u00c9ES DU RESPONSABLE DU TRAITEMENT<\/span><\/strong><\/p>\n<p><span style=\"font-family: 'Trebuchet MS', Geneva; font-size: 12pt; color: #000000;\">Nom commercial: DAVID VILCHEZ GUERRERO (ci-apr\u00e8s, la &#8220;Soci\u00e9t\u00e9&#8221; ou le &#8220;Responsable&#8221;).<\/span><br \/>\n<span style=\"font-family: 'Trebuchet MS', Geneva; font-size: 12pt; color: #000000;\">CIF: 40526181C<\/span><br \/>\n<span style=\"font-family: 'Trebuchet MS', Geneva; font-size: 12pt; color: #000000;\">Adresse: C \/ Santa Magdalena 1- 17220 &#8211; SANT FELIU DE GUIXOLS &#8211; GIRONA<\/span><br \/>\n<span style=\"font-family: 'Trebuchet MS', Geneva; font-size: 12pt; color: #000000;\">T\u00e9l\u00e9phone: 972322553<\/span><br \/>\n<span style=\"font-family: 'Trebuchet MS', Geneva; font-size: 12pt; color: #000000;\">Courriel pour les communications sur la protection des donn\u00e9es: serveis@netegesguerrero.com<\/span><\/p>\n<p><strong><span style=\"font-family: 'Trebuchet MS', Geneva; font-size: 12pt; color: #000000;\">1.1. R\u00e8glements applicables<\/span><\/strong><\/p>\n<p><span style=\"font-family: 'Trebuchet MS', Geneva; font-size: 12pt; color: #000000;\">Notre politique de confidentialit\u00e9 a \u00e9t\u00e9 con\u00e7ue conform\u00e9ment au r\u00e8glement g\u00e9n\u00e9ral sur la protection des donn\u00e9es de l&#8217;UE 2016\/679 du Parlement europ\u00e9en et du Conseil, du 27 avril 2016, concernant la protection des personnes physiques \u00e0 l&#8217;\u00e9gard des traitement des donn\u00e9es personnelles et la libre circulation de ces donn\u00e9es et abrogeant la directive 95\/46 \/ CE (r\u00e8glement g\u00e9n\u00e9ral sur la protection des donn\u00e9es) et la loi organique 3\/2018 du 5 d\u00e9cembre sur la protection des donn\u00e9es des Caract\u00e8re personnel et garantie des droits num\u00e9riques.<\/span><\/p>\n<p><span style=\"font-family: 'Trebuchet MS', Geneva; font-size: 12pt; color: #000000;\">En nous fournissant vos donn\u00e9es, vous d\u00e9clarez avoir lu et conna\u00eetre cette politique de confidentialit\u00e9, en donnant votre consentement sans \u00e9quivoque et expr\u00e8s au traitement de vos donn\u00e9es personnelles conform\u00e9ment aux finalit\u00e9s et aux conditions exprim\u00e9es ici.<\/span><\/p>\n<p><span style=\"font-family: 'Trebuchet MS', Geneva; font-size: 12pt; color: #000000;\">La Soci\u00e9t\u00e9 peut modifier cette politique de confidentialit\u00e9 pour l&#8217;adapter \u00e0 la nouvelle l\u00e9gislation, \u00e0 la jurisprudence ou \u00e0 l&#8217;interpr\u00e9tation de l&#8217;Agence espagnole de protection des donn\u00e9es. Ces conditions de confidentialit\u00e9 peuvent \u00eatre compl\u00e9t\u00e9es par les mentions l\u00e9gales, la politique de cookies et les conditions g\u00e9n\u00e9rales qui, le cas \u00e9ch\u00e9ant, sont collect\u00e9es pour certains produits ou services, si cet acc\u00e8s suppose une sp\u00e9cialit\u00e9 dans la protection des donn\u00e9es personnelles.<\/span><\/p>\n<p><strong><span style=\"font-family: 'Trebuchet MS', Geneva; font-size: 12pt; color: #000000;\">1.2. Notre d\u00e9l\u00e9gu\u00e9 \u00e0 la protection des donn\u00e9es<\/span><\/strong><\/p>\n<p><span style=\"font-family: 'Trebuchet MS', Geneva; font-size: 12pt; color: #000000;\">LOPDMONTOLIU I SERVEIS SL, avec CIF B55261804. Le num\u00e9ro de t\u00e9l\u00e9phone de contact est le 625459540 et l&#8217;e-mail: info@lopdmontoliu.es<\/span><\/p>\n<p><strong><span style=\"font-family: 'Trebuchet MS', Geneva; font-size: 12pt; color: #000000;\">2. OBJECTIF DU TRAITEMENT DES DONN\u00c9ES PERSONNELLES<\/span><\/strong><\/p>\n<p><span style=\"font-family: 'Trebuchet MS', Geneva; font-size: 12pt; color: #000000;\">Le traitement que nous effectuons de vos donn\u00e9es personnelles a les finalit\u00e9s suivantes:<\/span><\/p>\n<p><span style=\"font-family: 'Trebuchet MS', Geneva; font-size: 12pt; color: #000000;\">&#8211; Vous fournir des informations relatives aux produits et services propos\u00e9s par notre soci\u00e9t\u00e9 et d\u00e9taill\u00e9s sur ce site.<\/span><\/p>\n<p><span style=\"font-family: 'Trebuchet MS', Geneva; font-size: 12pt; color: #000000;\">&#8211; Effectuer la sous-traitance de nos services en acceptant le budget \/ commande correspondant et \/ ou en signant un contrat commercial.<\/span><\/p>\n<p><span style=\"font-family: 'Trebuchet MS', Geneva; font-size: 12pt; color: #000000;\">&#8211; Vous envoyer par email et \/ ou poster les actualit\u00e9s et actualit\u00e9s de notre entit\u00e9, ainsi que les mises \u00e0 jour de notre catalogue de produits et services.<\/span><\/p>\n<p><strong><span style=\"font-family: 'Trebuchet MS', Geneva; font-size: 12pt; color: #000000;\">2.1. P\u00e9riode de conservation de vos donn\u00e9es<\/span><\/strong><\/p>\n<p><span style=\"font-family: 'Trebuchet MS', Geneva; font-size: 12pt; color: #000000;\">Nous conserverons vos donn\u00e9es personnelles \u00e0 partir du moment o\u00f9 vous nous donnez votre consentement jusqu&#8217;\u00e0 ce que vous les r\u00e9voquiez ou demandiez la limitation du traitement. Dans de tels cas, nous garderons vos donn\u00e9es verrouill\u00e9es pendant les p\u00e9riodes l\u00e9galement requises.<\/span><\/p>\n<p><strong><span style=\"font-family: 'Trebuchet MS', Geneva; font-size: 12pt; color: #000000;\">3. L\u00c9GITIMATION ET DONN\u00c9ES COLLECT\u00c9ES<\/span><\/strong><\/p>\n<p><span style=\"font-family: 'Trebuchet MS', Geneva; font-size: 12pt; color: #000000;\">La l\u00e9gitimit\u00e9 pour le traitement de vos donn\u00e9es est le consentement expr\u00e8s accord\u00e9 au moyen d&#8217;un acte positif et affirmatif (remplissez le formulaire correspondant et cochez la case d&#8217;acceptation de cette politique) lorsque vous nous fournissez vos donn\u00e9es personnelles.<\/span><\/p>\n<p><strong><span style=\"font-family: 'Trebuchet MS', Geneva; font-size: 12pt; color: #000000;\">3.1. Consentement \u00e0 traiter vos donn\u00e9es<\/span><\/strong><\/p>\n<p><span style=\"font-family: 'Trebuchet MS', Geneva; font-size: 12pt; color: #000000;\">En remplissant les formulaires, en cochant la case &#8220;J&#8217;accepte la politique de confidentialit\u00e9&#8221; et en cliquant pour envoyer les donn\u00e9es, ou en envoyant des courriels \u00e0 la Soci\u00e9t\u00e9 via les comptes activ\u00e9s \u00e0 cet effet, l&#8217;Utilisateur d\u00e9clare avoir lu et accept\u00e9 express\u00e9ment politique de confidentialit\u00e9, et donne votre consentement sans \u00e9quivoque et expr\u00e8s au traitement de vos donn\u00e9es personnelles conform\u00e9ment aux fins \u00e9nonc\u00e9es.<\/span><\/p>\n<p><strong><span style=\"font-family: 'Trebuchet MS', Geneva; font-size: 12pt; color: #000000;\">3.2. Cat\u00e9gories de donn\u00e9es<\/span><\/strong><\/p>\n<p><span style=\"font-family: 'Trebuchet MS', Geneva; font-size: 12pt; color: #000000;\">Les donn\u00e9es collect\u00e9es se r\u00e9f\u00e8rent \u00e0 la cat\u00e9gorie des donn\u00e9es d&#8217;identification, telles que: nom et pr\u00e9nom, t\u00e9l\u00e9phone, adresse postale, soci\u00e9t\u00e9, e-mail, ainsi que l&#8217;adresse IP \u00e0 partir de laquelle vous acc\u00e9dez au formulaire de collecte de donn\u00e9es.<\/span><\/p>\n<p><strong><span style=\"font-family: 'Trebuchet MS', Geneva; font-size: 12pt; color: #000000;\">4. MESURES DE S\u00c9CURIT\u00c9<\/span><\/strong><\/p>\n<p><span style=\"font-family: 'Trebuchet MS', Geneva; font-size: 12pt; color: #000000;\">Dans le cadre de notre engagement \u00e0 garantir la s\u00e9curit\u00e9 et la confidentialit\u00e9 de vos donn\u00e9es personnelles, nous vous informons que les mesures techniques et organisationnelles n\u00e9cessaires ont \u00e9t\u00e9 prises pour garantir la s\u00e9curit\u00e9 des donn\u00e9es personnelles et \u00e9viter leur alt\u00e9ration, perte, traitement ou acc\u00e8s non autoris\u00e9, compte tenu de l&#8217;\u00e9tat de la technologie, de la nature des donn\u00e9es stock\u00e9es et des risques auxquels elles sont expos\u00e9es, conform\u00e9ment \u00e0 l&#8217;article 32 du RGPD EU 679\/2016.<\/span><\/p>\n<p><strong><span style=\"font-family: 'Trebuchet MS', Geneva; font-size: 12pt; color: #000000;\">5. TRANSFERT DE DONN\u00c9ES<\/span><\/strong><\/p>\n<p><span style=\"font-family: 'Trebuchet MS', Geneva; font-size: 12pt; color: #000000;\">Aucun transfert de donn\u00e9es ou transfert international de vos donn\u00e9es n&#8217;est pr\u00e9vu, \u00e0 l&#8217;exception de ceux autoris\u00e9s par la l\u00e9gislation fiscale, commerciale et des t\u00e9l\u00e9communications ainsi que dans les cas o\u00f9 une autorit\u00e9 judiciaire l&#8217;exige.<\/span><\/p>\n<p><strong><span style=\"font-family: 'Trebuchet MS', Geneva; font-size: 12pt; color: #000000;\">6. DROITS DE L&#8217;UTILISATEUR<\/span><\/strong><\/p>\n<p><span style=\"font-family: 'Trebuchet MS', Geneva; font-size: 12pt; color: #000000;\">Toute personne int\u00e9ress\u00e9e a le droit d&#8217;obtenir une confirmation si nous traitons ou non des donn\u00e9es personnelles qui la concernent. Les personnes int\u00e9ress\u00e9es ont le droit d&#8217;acc\u00e9der \u00e0 leurs donn\u00e9es personnelles, ainsi que de demander la rectification de donn\u00e9es inexactes ou, le cas \u00e9ch\u00e9ant, de demander leur suppression lorsque, entre autres raisons, les donn\u00e9es ne sont plus n\u00e9cessaires aux fins qui ont \u00e9t\u00e9 collect\u00e9es.<\/span><\/p>","protected":false},"excerpt":{"rendered":"<p>POLITIQUE DE CONFIDENTIALIT\u00c9 WEB 1. DONN\u00c9ES DU RESPONSABLE DU TRAITEMENT Nom commercial: DAVID VILCHEZ GUERRERO (ci-apr\u00e8s, la &#8220;Soci\u00e9t\u00e9&#8221; ou le &#8220;Responsable&#8221;). CIF: 40526181C Adresse: C \/ Santa Magdalena 1- 17220 &#8211; SANT FELIU DE GUIXOLS &#8211; GIRONA T\u00e9l\u00e9phone: 972322553 Courriel pour les communications sur la protection des donn\u00e9es: serveis@netegesguerrero.com 1.1. R\u00e8glements applicables Notre politique de&hellip; <br \/> <a class=\"button small blue\" href=\"https:\/\/netegesguerrero.com\/fr\/politicaprivacidad\/\">Lire la suite<\/a><\/p>\n","protected":false},"author":2,"featured_media":0,"parent":0,"menu_order":0,"comment_status":"closed","ping_status":"closed","template":"","meta":{"ngg_post_thumbnail":0},"_links":{"self":[{"href":"https:\/\/netegesguerrero.com\/fr\/wp-json\/wp\/v2\/pages\/2204"}],"collection":[{"href":"https:\/\/netegesguerrero.com\/fr\/wp-json\/wp\/v2\/pages"}],"about":[{"href":"https:\/\/netegesguerrero.com\/fr\/wp-json\/wp\/v2\/types\/page"}],"author":[{"embeddable":true,"href":"https:\/\/netegesguerrero.com\/fr\/wp-json\/wp\/v2\/users\/2"}],"replies":[{"embeddable":true,"href":"https:\/\/netegesguerrero.com\/fr\/wp-json\/wp\/v2\/comments?post=2204"}],"version-history":[{"count":7,"href":"https:\/\/netegesguerrero.com\/fr\/wp-json\/wp\/v2\/pages\/2204\/revisions"}],"predecessor-version":[{"id":2495,"href":"https:\/\/netegesguerrero.com\/fr\/wp-json\/wp\/v2\/pages\/2204\/revisions\/2495"}],"wp:attachment":[{"href":"https:\/\/netegesguerrero.com\/fr\/wp-json\/wp\/v2\/media?parent=2204"}],"curies":[{"name":"wp","href":"https:\/\/api.w.org\/{rel}","templated":true}]}}