{"id":2470,"date":"2020-05-18T18:45:49","date_gmt":"2020-05-18T18:45:49","guid":{"rendered":"https:\/\/netegesguerrero.com\/?page_id=2470"},"modified":"2023-10-17T17:36:20","modified_gmt":"2023-10-17T17:36:20","slug":"certificaciones","status":"publish","type":"page","link":"https:\/\/netegesguerrero.com\/fr\/certificaciones\/","title":{"rendered":"Certifications"},"content":{"rendered":"<p><\/p>\n<h3 style=\"text-align: center;\"><span style=\"color: #ff0000;\">Certificaciones<\/span><\/h3>\n<p style=\"text-align: center;\"><span style=\"font-family: 'Trebuchet MS', Geneva;\">Creemos que el servicio tiene que ser impecable y r\u00e1pido. Nos tomamos la seguridad y los est\u00e1ndares de calidad muy enserio, por lo que, Neteges Guerrero es propietaria de las siguientes certificaciones:<\/span><\/p>\n<ul>\n<li><span style=\"font-family: 'Trebuchet MS', Geneva;\">Cumpliendo con la normativa de ADR, nuestros equipos est\u00e1n preparados para poder transportar cualquier residuo de tipo de Materias Peligrosas.<\/span><\/li>\n<li><span style=\"font-family: 'Trebuchet MS', Geneva;\">Neteges Guerrero cumple con la Ley de Protecci\u00f3n de Datos acordada en el art\u00edculo 12.2 del Real Decreto 428\/1993 y el art\u00edculo 7 del Real Decreto 1332\/1994 del 20 de junio vigente de conformidad en la disposici\u00f3n Transistoria tercera de la Ley Org\u00e1nica 15 \/ 1999.<\/span><\/li>\n<li><span style=\"font-family: 'Trebuchet MS', Geneva;\">Todos nuestros veh\u00edculos de tipo RG-CIS, est\u00e1n autorizados por la Junta de Residuos para hacer los transportes de los grupos de residuos mencionados. C\u00f3digo de transportista T-1821<\/span><\/li>\n<li><span style=\"font-family: 'Trebuchet MS', Geneva;\">N \u00ba registro de tanques: *<\/span><\/li>\n<li><span style=\"font-family: 'Trebuchet MS', Geneva;\">C\u00f3digo sanitario para transporte de agua para consumo humano *<\/span><\/li>\n<\/ul>\n<p>&nbsp;<\/p>","protected":false},"excerpt":{"rendered":"<p>Certificaciones Creemos que el servicio tiene que ser impecable y r\u00e1pido. Nos tomamos la seguridad y los est\u00e1ndares de calidad muy enserio, por lo que, Neteges Guerrero es propietaria de las siguientes certificaciones: Cumpliendo con la normativa de ADR, nuestros equipos est\u00e1n preparados para poder transportar cualquier residuo de tipo de Materias Peligrosas. Neteges Guerrero&hellip; <br \/> <a class=\"button small blue\" href=\"https:\/\/netegesguerrero.com\/fr\/certificaciones\/\">Lire la suite<\/a><\/p>\n","protected":false},"author":2,"featured_media":0,"parent":0,"menu_order":0,"comment_status":"closed","ping_status":"closed","template":"","meta":{"ngg_post_thumbnail":0},"_links":{"self":[{"href":"https:\/\/netegesguerrero.com\/fr\/wp-json\/wp\/v2\/pages\/2470"}],"collection":[{"href":"https:\/\/netegesguerrero.com\/fr\/wp-json\/wp\/v2\/pages"}],"about":[{"href":"https:\/\/netegesguerrero.com\/fr\/wp-json\/wp\/v2\/types\/page"}],"author":[{"embeddable":true,"href":"https:\/\/netegesguerrero.com\/fr\/wp-json\/wp\/v2\/users\/2"}],"replies":[{"embeddable":true,"href":"https:\/\/netegesguerrero.com\/fr\/wp-json\/wp\/v2\/comments?post=2470"}],"version-history":[{"count":4,"href":"https:\/\/netegesguerrero.com\/fr\/wp-json\/wp\/v2\/pages\/2470\/revisions"}],"predecessor-version":[{"id":2534,"href":"https:\/\/netegesguerrero.com\/fr\/wp-json\/wp\/v2\/pages\/2470\/revisions\/2534"}],"wp:attachment":[{"href":"https:\/\/netegesguerrero.com\/fr\/wp-json\/wp\/v2\/media?parent=2470"}],"curies":[{"name":"wp","href":"https:\/\/api.w.org\/{rel}","templated":true}]}}