{"id":486,"date":"2012-01-03T16:58:44","date_gmt":"2012-01-03T16:58:44","guid":{"rendered":"http:\/\/www.netegesguerrero.com\/web\/?page_id=30"},"modified":"2023-10-17T17:36:21","modified_gmt":"2023-10-17T17:36:21","slug":"contacto","status":"publish","type":"page","link":"https:\/\/netegesguerrero.com\/fr\/contacto\/","title":{"rendered":"Contactez-nous"},"content":{"rendered":"<p><\/p>\n<p style=\"text-align: center;\"><img loading=\"lazy\" class=\"alignnone wp-image-1445\" src=\"http:\/\/netegesguerrero.com\/wp-content\/uploads\/2019\/03\/23394.png\" alt=\"\" width=\"210\" height=\"209\" srcset=\"https:\/\/netegesguerrero.com\/wp-content\/uploads\/2019\/03\/23394.png 512w, https:\/\/netegesguerrero.com\/wp-content\/uploads\/2019\/03\/23394-324x324.png 324w, https:\/\/netegesguerrero.com\/wp-content\/uploads\/2019\/03\/23394-100x100.png 100w, https:\/\/netegesguerrero.com\/wp-content\/uploads\/2019\/03\/23394-416x416.png 416w, https:\/\/netegesguerrero.com\/wp-content\/uploads\/2019\/03\/23394-150x150.png 150w, https:\/\/netegesguerrero.com\/wp-content\/uploads\/2019\/03\/23394-300x300.png 300w\" sizes=\"(max-width: 210px) 100vw, 210px\" \/><\/p>\n<p style=\"text-align: center;\"><a href=\"https:\/\/g.page\/Neteges-Guerrero?gm\"><span style=\"font-family: 'Trebuchet MS', Geneva;\">C\/Santa Magdalena 1 <\/span><\/a><\/p>\n<p style=\"text-align: center;\"><a href=\"https:\/\/g.page\/Neteges-Guerrero?gm\"><span style=\"font-family: 'Trebuchet MS', Geneva;\">Bo\u00eete postale n\u00ba 56<\/span><\/a><\/p>\n<p style=\"text-align: center; padding-left: 40px;\"><a href=\"https:\/\/g.page\/Neteges-Guerrero?gm\"><span style=\"font-family: 'Trebuchet MS', Geneva;\">17220 Sant Feliu de Gu\u00edxols (Girona)&nbsp; &nbsp; &nbsp; &nbsp; &nbsp; &nbsp;<\/span><\/a><\/p>\n<p>&nbsp;<\/p>\n<p><span style=\"font-family: 'Trebuchet MS', Geneva;\"><img loading=\"lazy\" class=\"aligncenter wp-image-1443\" src=\"http:\/\/netegesguerrero.com\/demo\/wp-content\/uploads\/2019\/03\/5a452601546ddca7e1fcbc87.png\" alt=\"\" width=\"200\" height=\"200\" srcset=\"https:\/\/netegesguerrero.com\/wp-content\/uploads\/2019\/03\/5a452601546ddca7e1fcbc87.png 400w, https:\/\/netegesguerrero.com\/wp-content\/uploads\/2019\/03\/5a452601546ddca7e1fcbc87-324x324.png 324w, https:\/\/netegesguerrero.com\/wp-content\/uploads\/2019\/03\/5a452601546ddca7e1fcbc87-100x100.png 100w, https:\/\/netegesguerrero.com\/wp-content\/uploads\/2019\/03\/5a452601546ddca7e1fcbc87-150x150.png 150w, https:\/\/netegesguerrero.com\/wp-content\/uploads\/2019\/03\/5a452601546ddca7e1fcbc87-300x300.png 300w\" sizes=\"(max-width: 200px) 100vw, 200px\" \/><\/span><\/p>\n<p>&nbsp;<\/p>\n<p style=\"text-align: center;\"><a href=\"tel:+34972322553\"><span style=\"font-family: 'Trebuchet MS', Geneva;\">+34 972 322 553 &#8211; Bureaux<\/span><\/a><\/p>\n<p style=\"text-align: center;\"><a href=\"tel:+34629372151\"><span style=\"font-family: 'Trebuchet MS', Geneva;\">+34 629 372 151 &#8211; Urgences<\/span><\/a><\/p>\n<p>&nbsp;<\/p>\n<p style=\"text-align: center;\">&nbsp;<\/p>\n<p style=\"text-align: center;\">&nbsp;<\/p>\n<p>&nbsp;<\/p>\n<p style=\"text-align: center;\"><span style=\"font-family: 'Trebuchet MS', Geneva;\"><img loading=\"lazy\" class=\"aligncenter wp-image-1351\" src=\"http:\/\/netegesguerrero.com\/demo\/wp-content\/uploads\/2019\/03\/58683.png\" alt=\"\" width=\"201\" height=\"201\" srcset=\"https:\/\/netegesguerrero.com\/wp-content\/uploads\/2019\/03\/58683.png 512w, https:\/\/netegesguerrero.com\/wp-content\/uploads\/2019\/03\/58683-324x324.png 324w, https:\/\/netegesguerrero.com\/wp-content\/uploads\/2019\/03\/58683-100x100.png 100w, https:\/\/netegesguerrero.com\/wp-content\/uploads\/2019\/03\/58683-416x416.png 416w, https:\/\/netegesguerrero.com\/wp-content\/uploads\/2019\/03\/58683-150x150.png 150w, https:\/\/netegesguerrero.com\/wp-content\/uploads\/2019\/03\/58683-300x300.png 300w\" sizes=\"(max-width: 201px) 100vw, 201px\" \/><\/span><\/p>\n<p style=\"text-align: center;\"><span style=\"font-family: 'Trebuchet MS', Geneva;\"><a href=\"mailto:serveis@netegesguerrero.com\">serveis@netegesguerrero.com<\/a><\/span><\/p>\n<p>&nbsp;<\/p>\n<p style=\"text-align: center;\"><img loading=\"lazy\" class=\"wp-image-1381 aligncenter\" src=\"http:\/\/netegesguerrero.com\/demo\/wp-content\/uploads\/2019\/03\/50-Best-Facebook-Logo-Icons-GIF-Transparent-PNG-Images-22.png\" alt=\"\" width=\"200\" height=\"200\" srcset=\"https:\/\/netegesguerrero.com\/wp-content\/uploads\/2019\/03\/50-Best-Facebook-Logo-Icons-GIF-Transparent-PNG-Images-22.png 800w, https:\/\/netegesguerrero.com\/wp-content\/uploads\/2019\/03\/50-Best-Facebook-Logo-Icons-GIF-Transparent-PNG-Images-22-324x324.png 324w, https:\/\/netegesguerrero.com\/wp-content\/uploads\/2019\/03\/50-Best-Facebook-Logo-Icons-GIF-Transparent-PNG-Images-22-100x100.png 100w, https:\/\/netegesguerrero.com\/wp-content\/uploads\/2019\/03\/50-Best-Facebook-Logo-Icons-GIF-Transparent-PNG-Images-22-416x416.png 416w, https:\/\/netegesguerrero.com\/wp-content\/uploads\/2019\/03\/50-Best-Facebook-Logo-Icons-GIF-Transparent-PNG-Images-22-150x150.png 150w, https:\/\/netegesguerrero.com\/wp-content\/uploads\/2019\/03\/50-Best-Facebook-Logo-Icons-GIF-Transparent-PNG-Images-22-300x300.png 300w, https:\/\/netegesguerrero.com\/wp-content\/uploads\/2019\/03\/50-Best-Facebook-Logo-Icons-GIF-Transparent-PNG-Images-22-768x768.png 768w\" sizes=\"(max-width: 200px) 100vw, 200px\" \/><span style=\"font-family: 'Trebuchet MS', Geneva;\">&nbsp; &nbsp;<\/span><span style=\"font-family: 'Trebuchet MS', Geneva;\"><a href=\"http:\/\/facebook.com\/netegesguerrero\">Neteges Guerrero &#8211; Facebook<\/a><\/span><\/p>\n<p>&nbsp;<\/p>\n<p>&nbsp;<\/p>\n<p><div class=\"wpforms-container wpforms-container-full\" id=\"wpforms-2486\"><form id=\"wpforms-form-2486\" class=\"wpforms-validate wpforms-form\" data-formid=\"2486\" method=\"post\" enctype=\"multipart\/form-data\" action=\"\/fr\/wp-json\/wp\/v2\/pages\/486\"><noscript class=\"wpforms-error-noscript\">Please enable JavaScript in your browser to complete this form.<\/noscript><div class=\"wpforms-field-container\"><div id=\"wpforms-2486-field_0-container\" class=\"wpforms-field wpforms-field-name\" data-field-id=\"0\"><label class=\"wpforms-field-label\" for=\"wpforms-2486-field_0\">Pr\u00e9nom <span class=\"wpforms-required-label\">*<\/span><\/label><input type=\"text\" id=\"wpforms-2486-field_0\" class=\"wpforms-field-medium wpforms-field-required\" name=\"wpforms[fields][0]\" required><\/div><div id=\"wpforms-2486-field_3-container\" class=\"wpforms-field wpforms-field-number\" data-field-id=\"3\"><label class=\"wpforms-field-label\" for=\"wpforms-2486-field_3\">Num\u00e9ro de t\u00e9l\u00e9phone <span class=\"wpforms-required-label\">*<\/span><\/label><input type=\"number\" pattern=\"\\d*\" id=\"wpforms-2486-field_3\" class=\"wpforms-field-medium wpforms-field-required\" name=\"wpforms[fields][3]\" required><\/div><div id=\"wpforms-2486-field_2-container\" class=\"wpforms-field wpforms-field-textarea\" data-field-id=\"2\"><label class=\"wpforms-field-label\" for=\"wpforms-2486-field_2\">Message <span class=\"wpforms-required-label\">*<\/span><\/label><textarea id=\"wpforms-2486-field_2\" class=\"wpforms-field-medium wpforms-field-required\" name=\"wpforms[fields][2]\" required><\/textarea><\/div><\/div><div class=\"wpforms-field wpforms-field-hp\"><label for=\"wpforms-2486-field-hp\" class=\"wpforms-field-label\">Phone<\/label><input type=\"text\" name=\"wpforms[hp]\" id=\"wpforms-2486-field-hp\" class=\"wpforms-field-medium\"><\/div><div class=\"wpforms-recaptcha-container\" ><div class=\"g-recaptcha\" data-sitekey=\"6LfQWPMUAAAAANgSYI9EtLK9gIbhR0FkGlhieQ5w\"><\/div><input type=\"text\" name=\"g-recaptcha-hidden\" class=\"wpforms-recaptcha-hidden\" style=\"position:absolute!important;clip:rect(0,0,0,0)!important;height:1px!important;width:1px!important;border:0!important;overflow:hidden!important;padding:0!important;margin:0!important;\" required><\/div><div class=\"wpforms-submit-container\" ><input type=\"hidden\" name=\"wpforms[id]\" value=\"2486\"><input type=\"hidden\" name=\"wpforms[author]\" value=\"2\"><button type=\"submit\" name=\"wpforms[submit]\" class=\"wpforms-submit \" id=\"wpforms-submit-2486\" value=\"wpforms-submit\" aria-live=\"assertive\" data-alt-text=\"Enviando...\" data-submit-text=\"Enviar\">Enviar<\/button><\/div><\/form><\/div>  <!-- .wpforms-container --><\/p>","protected":false},"excerpt":{"rendered":"<p>C\/Santa Magdalena 1 Bo\u00eete postale n\u00ba 56 17220 Sant Feliu de Gu\u00edxols (Girona)&nbsp; &nbsp; &nbsp; &nbsp; &nbsp; &nbsp; &nbsp; &nbsp; +34 972 322 553 &#8211; Bureaux +34 629 372 151 &#8211; Urgences &nbsp; &nbsp; &nbsp; &nbsp; serveis@netegesguerrero.com &nbsp; &nbsp; &nbsp;Neteges Guerrero &#8211; Facebook &nbsp; &nbsp;<\/p>\n","protected":false},"author":2,"featured_media":0,"parent":0,"menu_order":4,"comment_status":"closed","ping_status":"closed","template":"","meta":{"ngg_post_thumbnail":0},"_links":{"self":[{"href":"https:\/\/netegesguerrero.com\/fr\/wp-json\/wp\/v2\/pages\/486"}],"collection":[{"href":"https:\/\/netegesguerrero.com\/fr\/wp-json\/wp\/v2\/pages"}],"about":[{"href":"https:\/\/netegesguerrero.com\/fr\/wp-json\/wp\/v2\/types\/page"}],"author":[{"embeddable":true,"href":"https:\/\/netegesguerrero.com\/fr\/wp-json\/wp\/v2\/users\/2"}],"replies":[{"embeddable":true,"href":"https:\/\/netegesguerrero.com\/fr\/wp-json\/wp\/v2\/comments?post=486"}],"version-history":[{"count":52,"href":"https:\/\/netegesguerrero.com\/fr\/wp-json\/wp\/v2\/pages\/486\/revisions"}],"predecessor-version":[{"id":2542,"href":"https:\/\/netegesguerrero.com\/fr\/wp-json\/wp\/v2\/pages\/486\/revisions\/2542"}],"wp:attachment":[{"href":"https:\/\/netegesguerrero.com\/fr\/wp-json\/wp\/v2\/media?parent=486"}],"curies":[{"name":"wp","href":"https:\/\/api.w.org\/{rel}","templated":true}]}}