{"id":489,"date":"2012-03-24T13:06:53","date_gmt":"2012-03-24T13:06:53","guid":{"rendered":"http:\/\/www.netegesguerrero.com\/web\/?page_id=194"},"modified":"2023-10-17T17:36:20","modified_gmt":"2023-10-17T17:36:20","slug":"empresa","status":"publish","type":"page","link":"https:\/\/netegesguerrero.com\/fr\/empresa\/","title":{"rendered":"Empresa"},"content":{"rendered":"<p><img loading=\"lazy\" class=\"alignleft size-full wp-image-261\" title=\"guerrero empresa camion\" src=\"http:\/\/www.netegesguerrero.com\/wp-content\/uploads\/2012\/03\/guerrero-empresa-camion-posterior.jpg\" alt=\"\" width=\"350\" height=\"263\" srcset=\"https:\/\/netegesguerrero.com\/wp-content\/uploads\/2012\/03\/guerrero-empresa-camion-posterior.jpg 350w, https:\/\/netegesguerrero.com\/wp-content\/uploads\/2012\/03\/guerrero-empresa-camion-posterior-300x225.jpg 300w\" sizes=\"(max-width: 350px) 100vw, 350px\" \/><\/p>\n<p><span style=\"font-family: 'Trebuchet MS', Geneva; color: #000000;\">Plus de 25 ans d&#8217;exp\u00e9rience derri\u00e8re nous, travaillant et offrant nos services dans la province de G\u00e9rone, de la branche de nettoyage de fosses septiques et de d\u00e9chargement de pipelines de notre entreprise situ\u00e9e \u00e0 Sant Feliu de Gu\u00edxols.<\/span><\/p>\n<p><span style=\"font-family: 'Trebuchet MS', Geneva; color: #000000;\">Nous nous sp\u00e9cialisons dans tous les domaines li\u00e9s aux d\u00e9chets f\u00e9caux, aux eaux us\u00e9es et aux services qui n\u00e9cessitent un camion \u00e0 Cuba.<\/span><\/p>\n<h3><span style=\"color: #ff0000;\"><span style=\"font-family: 'Trebuchet MS', Geneva; font-size: 18pt;\">Qualit\u00e9 et professionnalisme sont nos valeurs<\/span><\/span><\/h3>\n<p><span style=\"font-family: 'Trebuchet MS', Geneva; color: #000000;\">Nous d\u00e9veloppons notre entreprise et professionnalisons le travail effectu\u00e9 et les services que nous proposons dans une \u00e9volution et un d\u00e9veloppement dans l&#8217;am\u00e9lioration de la qualit\u00e9 de nos services.<\/span><\/p>\n<h3><span style=\"color: #ff0000;\"><span style=\"font-family: 'Trebuchet MS', Geneva; font-size: 18pt;\">Cette \u00e9volution fait de cette petite entreprise une r\u00e9f\u00e9rence dans le domaine<\/span><\/span><\/h3>\n<p><span style=\"font-family: 'Trebuchet MS', Geneva; color: #000000;\">Nous offrons des services dans toute la province de G\u00e9rone avec les meilleurs prix trouv\u00e9s dans ce secteur, en plus de la qualit\u00e9 du service qui n&#8217;a pas de concurrence dans le secteur du nettoyage septique.<\/span><\/p>\n<h2><span style=\"font-family: 'Trebuchet MS', Geneva; color: #000000;\"><img loading=\"lazy\" class=\"alignright size-medium wp-image-262\" title=\"guerrero empresa camion\" src=\"http:\/\/www.netegesguerrero.com\/wp-content\/uploads\/2012\/03\/guerrero-empresa-camion-300x225.png\" alt=\"\" width=\"300\" height=\"225\" srcset=\"https:\/\/netegesguerrero.com\/wp-content\/uploads\/2012\/03\/guerrero-empresa-camion-300x225.png 300w, https:\/\/netegesguerrero.com\/wp-content\/uploads\/2012\/03\/guerrero-empresa-camion-416x312.png 416w, https:\/\/netegesguerrero.com\/wp-content\/uploads\/2012\/03\/guerrero-empresa-camion.png 800w\" sizes=\"(max-width: 300px) 100vw, 300px\" \/><\/span><\/h2>\n<p><span style=\"font-family: 'Trebuchet MS', Geneva; color: #000000;\">Notre flotte, \u00e9quip\u00e9e et \u00e9quip\u00e9e des derni\u00e8res innovations dans ce secteur garantit l&#8217;efficacit\u00e9 et l&#8217;efficience des services, autres de nos valeurs qui nous diff\u00e9rencient dans ce domaine<\/span><\/p>\n<h3><span style=\"color: #ff0000;\"><span style=\"font-size: 18pt;\">Notre objectif principal: r\u00e9soudre les probl\u00e8mes au plus vite et \u00eatre au service des personnes<\/span><\/span><\/h3>\n<p><span style=\"font-family: 'Trebuchet MS', Geneva; color: #000000;\">Toute notre large gamme de services a une garantie de TROIS MOIS, ce qui donne une grande valeur ajout\u00e9e \u00e0 notre service apr\u00e8s-vente, qui est apr\u00e8s tout notre objectif et ce que nous recherchons avec chaque service.<\/span><\/p>\n<h3 style=\"text-align: center;\"><strong><span style=\"color: #ff0000; font-size: 18pt; font-family: 'Trebuchet MS', Geneva;\">Nous vous proposons une solution rapide et efficace \u00e0 tout probl\u00e8me<\/span><\/strong><\/h3>\n<div>\n<p class=\"leer-mas\"><img loading=\"lazy\" class=\"aligncenter wp-image-243\" style=\"border: 1px solid red;\" title=\"empresa-autorizada-generalitat-de-catalunya\" src=\"http:\/\/www.netegesguerrero.com\/wp-content\/uploads\/2012\/03\/empresa-autorizada-generalitat-de-catalunya.jpg\" alt=\"\" width=\"444\" height=\"160\" srcset=\"https:\/\/netegesguerrero.com\/wp-content\/uploads\/2012\/03\/empresa-autorizada-generalitat-de-catalunya.jpg 500w, https:\/\/netegesguerrero.com\/wp-content\/uploads\/2012\/03\/empresa-autorizada-generalitat-de-catalunya-416x150.jpg 416w, https:\/\/netegesguerrero.com\/wp-content\/uploads\/2012\/03\/empresa-autorizada-generalitat-de-catalunya-300x108.jpg 300w\" sizes=\"(max-width: 444px) 100vw, 444px\" \/><\/p>\n<\/div>\n<p><\/p>","protected":false},"excerpt":{"rendered":"<p>Plus de 25 ans d&#8217;exp\u00e9rience derri\u00e8re nous, travaillant et offrant nos services dans la province de G\u00e9rone, de la branche de nettoyage de fosses septiques et de d\u00e9chargement de pipelines de notre entreprise situ\u00e9e \u00e0 Sant Feliu de Gu\u00edxols. Nous nous sp\u00e9cialisons dans tous les domaines li\u00e9s aux d\u00e9chets f\u00e9caux, aux eaux us\u00e9es et aux&hellip; <br \/> <a class=\"button small blue\" href=\"https:\/\/netegesguerrero.com\/fr\/empresa\/\">Lire la suite<\/a><\/p>\n","protected":false},"author":2,"featured_media":0,"parent":0,"menu_order":0,"comment_status":"closed","ping_status":"closed","template":"","meta":{"ngg_post_thumbnail":0},"_links":{"self":[{"href":"https:\/\/netegesguerrero.com\/fr\/wp-json\/wp\/v2\/pages\/489"}],"collection":[{"href":"https:\/\/netegesguerrero.com\/fr\/wp-json\/wp\/v2\/pages"}],"about":[{"href":"https:\/\/netegesguerrero.com\/fr\/wp-json\/wp\/v2\/types\/page"}],"author":[{"embeddable":true,"href":"https:\/\/netegesguerrero.com\/fr\/wp-json\/wp\/v2\/users\/2"}],"replies":[{"embeddable":true,"href":"https:\/\/netegesguerrero.com\/fr\/wp-json\/wp\/v2\/comments?post=489"}],"version-history":[{"count":26,"href":"https:\/\/netegesguerrero.com\/fr\/wp-json\/wp\/v2\/pages\/489\/revisions"}],"predecessor-version":[{"id":2497,"href":"https:\/\/netegesguerrero.com\/fr\/wp-json\/wp\/v2\/pages\/489\/revisions\/2497"}],"wp:attachment":[{"href":"https:\/\/netegesguerrero.com\/fr\/wp-json\/wp\/v2\/media?parent=489"}],"curies":[{"name":"wp","href":"https:\/\/api.w.org\/{rel}","templated":true}]}}